{"id":49,"date":"2016-02-07T10:03:22","date_gmt":"2016-02-07T10:03:22","guid":{"rendered":"https:\/\/the7.io\/marketing-agency\/?page_id=49"},"modified":"2024-09-22T21:09:31","modified_gmt":"2024-09-23T01:09:31","slug":"q-a","status":"publish","type":"page","link":"https:\/\/alarmesprointec.ca\/index.php\/q-a\/","title":{"rendered":"FAQ"},"content":{"rendered":"<div class=\"wpb-content-wrapper\"><p>[vc_row type=&#8221;vc_default&#8221; margin_top=&#8221;0&#8243; margin_bottom=&#8221;-50&#8243; css=&#8221;.vc_custom_1491744093958{padding-top: 70px !important;padding-bottom: 20px !important;}&#8221;][vc_column offset=&#8221;vc_col-lg-6 vc_col-md-6 vc_col-xs-12&#8243; css=&#8221;.vc_custom_1491744097814{padding-bottom: 50px !important;}&#8221;]<div id=\"ultimate-heading-361069f18da7f263e\" class=\"uvc-heading ult-adjust-bottom-margin ultimate-heading-361069f18da7f263e uvc-6179 \" data-hspacer=\"no_spacer\"  data-halign=\"left\" style=\"text-align:left\"><div class=\"uvc-heading-spacer no_spacer\" style=\"top\"><\/div><div class=\"uvc-main-heading ult-responsive\"  data-ultimate-target='.uvc-heading.ultimate-heading-361069f18da7f263e h2'  data-responsive-json-new='{\"font-size\":\"desktop:34px;\",\"line-height\":\"desktop:44px;\"}' ><h2 style=\"font-weight:bold;margin-bottom:25px;\">Ce que nos clients nous demandent<\/h2><\/div><\/div>[vc_accordion active_tab=&#8221;false&#8221; collapsible=&#8221;yes&#8221; style=&#8221;3&#8243;][vc_accordion_tab title=&#8221;Comment savoir quel syst\u00e8me de s\u00e9curit\u00e9 est adapt\u00e9 \u00e0 ma propri\u00e9t\u00e9 ?&#8221;][vc_column_text css=&#8221;&#8221;]Nos experts r\u00e9alisent une \u00e9valuation approfondie de votre propri\u00e9t\u00e9 afin de vous recommander le syst\u00e8me de s\u00e9curit\u00e9 le plus adapt\u00e9. Nous prenons en compte des facteurs tels que la taille de la propri\u00e9t\u00e9, l&#8217;am\u00e9nagement et les pr\u00e9occupations de s\u00e9curit\u00e9 sp\u00e9cifiques.[\/vc_column_text][\/vc_accordion_tab][vc_accordion_tab title=&#8221;Quels types de syst\u00e8mes d&#8217;alarme proposez-vous ?&#8221;][vc_column_text css=&#8221;&#8221;]Nous proposons des syst\u00e8mes d&#8217;alarme filaires et sans fil adapt\u00e9s aux besoins sp\u00e9cifiques des propri\u00e9t\u00e9s r\u00e9sidentielles et commerciales. Nos syst\u00e8mes comprennent des d\u00e9tecteurs de mouvement, des capteurs de porte, des d\u00e9tecteurs de fum\u00e9e, et bien plus encore.[\/vc_column_text][\/vc_accordion_tab][vc_accordion_tab title=&#8221;Puis-je contr\u00f4ler mon syst\u00e8me de s\u00e9curit\u00e9 \u00e0 distance ?&#8221;][vc_column_text css=&#8221;&#8221;]Oui, nos syst\u00e8mes sont accompagn\u00e9s d&#8217;une application mobile qui vous permet de surveiller et de contr\u00f4ler vos dispositifs de s\u00e9curit\u00e9 \u00e0 distance. Vous pouvez armer\/d\u00e9sarmer le syst\u00e8me, recevoir des notifications et visionner les flux en direct des cam\u00e9ras depuis n&#8217;importe o\u00f9.[\/vc_column_text][\/vc_accordion_tab][vc_accordion_tab title=&#8221;Que se passe-t-il en cas de panne de courant ? Mon syst\u00e8me fonctionnera-t-il toujours ?&#8221;][vc_column_text css=&#8221;&#8221;]Nos syst\u00e8mes de s\u00e9curit\u00e9 sont \u00e9quip\u00e9s de batteries de secours pour garantir un fonctionnement continu en cas de panne de courant. Pour une s\u00e9curit\u00e9 suppl\u00e9mentaire, de nombreux syst\u00e8mes offrent \u00e9galement une communication cellulaire en tant que solution de secours \u00e0 la connexion internet.[\/vc_column_text][\/vc_accordion_tab][vc_accordion_tab title=&#8221;Comment fonctionne le service de surveillance d&#8217;alarme ?&#8221;][vc_column_text css=&#8221;&#8221;]Notre centre de surveillance fonctionne 24h\/24 et 7j\/7, recevant en continu les signaux de votre syst\u00e8me d&#8217;alarme. Si une alarme est d\u00e9clench\u00e9e, nous vous notifions imm\u00e9diatement et pouvons alerter les services d&#8217;urgence si n\u00e9cessaire.[\/vc_column_text][\/vc_accordion_tab][vc_accordion_tab title=&#8221;Puis-je am\u00e9liorer mon syst\u00e8me d&#8217;alarme existant avec vos services ?&#8221;][vc_column_text css=&#8221;&#8221;]Oui, nous proposons des am\u00e9liorations pour les syst\u00e8mes existants, notamment l&#8217;ajout de communicateurs cellulaires, de nouveaux capteurs et l&#8217;int\u00e9gration de la domotique. Cela vous permet de moderniser votre syst\u00e8me sans avoir \u00e0 le remplacer enti\u00e8rement.[\/vc_column_text][\/vc_accordion_tab][vc_accordion_tab title=&#8221;Quels types de cam\u00e9ras de s\u00e9curit\u00e9 installez-vous ?&#8221;][vc_column_text css=&#8221;&#8221;]Nous installons une vari\u00e9t\u00e9 de cam\u00e9ras de s\u00e9curit\u00e9, y compris des cam\u00e9ras haute d\u00e9finition, avec vision nocturne et d\u00e9tection de mouvement. Nous proposons des options pour l&#8217;int\u00e9rieur et l&#8217;ext\u00e9rieur, filaires et sans fil, afin de r\u00e9pondre \u00e0 diff\u00e9rents besoins.[\/vc_column_text][\/vc_accordion_tab][vc_accordion_tab title=&#8221;Offrez-vous une garantie sur vos produits et services ?&#8221;][vc_column_text css=&#8221;&#8221;]Oui, nous offrons une garantie unique de 2 ans sur toutes les pi\u00e8ces et la main-d&#8217;\u0153uvre, vous assurant un service fiable et de qualit\u00e9. Cette garantie s&#8217;applique \u00e0 toutes nos installations et produits.[\/vc_column_text][\/vc_accordion_tab][vc_accordion_tab title=&#8221;Pouvez-vous int\u00e9grer des dispositifs de domotique \u00e0 mon syst\u00e8me de s\u00e9curit\u00e9 ?&#8221;][vc_column_text css=&#8221;&#8221;]Absolument. Nous pouvons int\u00e9grer une large gamme de dispositifs de domotique, tels que des thermostats, l&#8217;\u00e9clairage, les portes de garage, et bien plus, vous permettant de tout contr\u00f4ler depuis une seule application.[\/vc_column_text][\/vc_accordion_tab][vc_accordion_tab title=&#8221;Quel est le processus d&#8217;installation d&#8217;un syst\u00e8me de panneau incendie ?&#8221;][vc_column_text css=&#8221;&#8221;]Notre processus comprend une \u00e9valuation approfondie du site, ainsi que l&#8217;int\u00e9gration de panneaux incendie approuv\u00e9s par l&#8217;ULC avec notre centre de surveillance. Nous veillons au respect de toutes les r\u00e9glementations de s\u00e9curit\u00e9 et assurons un entretien r\u00e9gulier.<\/p>\n<h3><\/h3>\n<p>[\/vc_column_text][\/vc_accordion_tab][vc_accordion_tab title=&#8221;Que sont les syst\u00e8mes de contr\u00f4le d&#8217;acc\u00e8s et quels sont leurs avantages pour mon entreprise ?&#8221;][vc_column_text css=&#8221;&#8221;]Les syst\u00e8mes de contr\u00f4le d&#8217;acc\u00e8s g\u00e8rent et restreignent qui peut entrer dans des zones sp\u00e9cifiques de votre propri\u00e9t\u00e9. Ils offrent une s\u00e9curit\u00e9 renforc\u00e9e en utilisant des cartes d&#8217;acc\u00e8s, des scanners biom\u00e9triques ou des claviers \u00e0 code, tout en fournissant des journaux d\u00e9taill\u00e9s des entr\u00e9es et sorties, am\u00e9liorant ainsi la s\u00e9curit\u00e9 et la gestion.[\/vc_column_text][\/vc_accordion_tab][\/vc_accordion][\/vc_column][vc_column offset=&#8221;vc_col-lg-6 vc_col-md-6 vc_col-xs-12&#8243; css=&#8221;.vc_custom_1491744105105{padding-bottom: 50px !important;}&#8221;]<div id=\"ultimate-heading-388169f18da7f268e\" class=\"uvc-heading ult-adjust-bottom-margin ultimate-heading-388169f18da7f268e uvc-2494 \" data-hspacer=\"no_spacer\"  data-halign=\"left\" style=\"text-align:left\"><div class=\"uvc-heading-spacer no_spacer\" style=\"top\"><\/div><div class=\"uvc-main-heading ult-responsive\"  data-ultimate-target='.uvc-heading.ultimate-heading-388169f18da7f268e h2'  data-responsive-json-new='{\"font-size\":\"desktop:34px;\",\"line-height\":\"desktop:44px;\"}' ><h2 style=\"font-weight:bold;margin-bottom:25px;\">Vous n'avez pas trouv\u00e9 la r\u00e9ponse?<\/h2><\/div><\/div>[vc_column_text css=&#8221;.vc_custom_1727053768427{padding-bottom: 35px !important;}&#8221;]Si vous n&#8217;avez pas trouv\u00e9 la r\u00e9ponse que vous cherchez, veuillez nous contacter en utilisant le formulaire ci-dessous :[\/vc_column_text]<form class=\"dt-contact-form dt-form\" method=\"post\"><input type=\"hidden\" name=\"widget_id\" value=\"presscore-contact-form-widget--1\" \/><input type=\"hidden\" name=\"send_message\" value=\"\" \/><input type=\"hidden\" name=\"security_token\" value=\"698a3d5f2c09a528450f\"\/><div class=\"form-fields\"><span class=\"form-name\"><label class=\"assistive-text\">Name *<\/label><input type=\"text\" class=\"validate[required]\" placeholder=\"Name *\" name=\"name\" value=\"\" aria-required=\"true\">\n<\/span><span class=\"form-mail\"><label class=\"assistive-text\">E-mail *<\/label><input type=\"text\" class=\"validate[required,custom[email]]\" placeholder=\"E-mail *\" name=\"email\" value=\"\" aria-required=\"true\">\n<\/span><\/div><span class=\"form-message\"><label class=\"assistive-text\">Message *<\/label><textarea class=\"validate[required]\" placeholder=\"Message *\" name=\"message\" rows=\"5\" aria-required=\"true\"><\/textarea>\n<\/span><p><a href=\"#\" class=\"dt-btn dt-btn-m dt-btn-submit\" rel=\"nofollow\"><span>Envoyez votre question<\/span><\/a><input class=\"assistive-text\" type=\"submit\" value=\"submit\"><\/p><\/form>\n[\/vc_column][\/vc_row]<\/p>\n<\/div>","protected":false},"excerpt":{"rendered":"<p>[vc_row type=&#8221;vc_default&#8221; margin_top=&#8221;0&#8243; margin_bottom=&#8221;-50&#8243; css=&#8221;.vc_custom_1491744093958{padding-top: 70px !important;padding-bottom: 20px !important;}&#8221;][vc_column offset=&#8221;vc_col-lg-6 vc_col-md-6 vc_col-xs-12&#8243; css=&#8221;.vc_custom_1491744097814{padding-bottom: 50px !important;}&#8221;][vc_accordion active_tab=&#8221;false&#8221; collapsible=&#8221;yes&#8221; style=&#8221;3&#8243;][vc_accordion_tab title=&#8221;Comment savoir quel syst\u00e8me de s\u00e9curit\u00e9 est adapt\u00e9 \u00e0 ma propri\u00e9t\u00e9 ?&#8221;][vc_column_text css=&#8221;&#8221;]Nos experts r\u00e9alisent une \u00e9valuation approfondie de votre propri\u00e9t\u00e9 afin de vous recommander le syst\u00e8me de s\u00e9curit\u00e9 le plus adapt\u00e9. Nous prenons en compte des&hellip;<\/p>\n","protected":false},"author":1,"featured_media":0,"parent":0,"menu_order":30,"comment_status":"closed","ping_status":"closed","template":"","meta":{"footnotes":""},"class_list":["post-49","page","type-page","status-publish","hentry","description-off"],"_links":{"self":[{"href":"https:\/\/alarmesprointec.ca\/index.php\/wp-json\/wp\/v2\/pages\/49","targetHints":{"allow":["GET"]}}],"collection":[{"href":"https:\/\/alarmesprointec.ca\/index.php\/wp-json\/wp\/v2\/pages"}],"about":[{"href":"https:\/\/alarmesprointec.ca\/index.php\/wp-json\/wp\/v2\/types\/page"}],"author":[{"embeddable":true,"href":"https:\/\/alarmesprointec.ca\/index.php\/wp-json\/wp\/v2\/users\/1"}],"replies":[{"embeddable":true,"href":"https:\/\/alarmesprointec.ca\/index.php\/wp-json\/wp\/v2\/comments?post=49"}],"version-history":[{"count":4,"href":"https:\/\/alarmesprointec.ca\/index.php\/wp-json\/wp\/v2\/pages\/49\/revisions"}],"predecessor-version":[{"id":92512,"href":"https:\/\/alarmesprointec.ca\/index.php\/wp-json\/wp\/v2\/pages\/49\/revisions\/92512"}],"wp:attachment":[{"href":"https:\/\/alarmesprointec.ca\/index.php\/wp-json\/wp\/v2\/media?parent=49"}],"curies":[{"name":"wp","href":"https:\/\/api.w.org\/{rel}","templated":true}]}}